{"id":923,"date":"2023-08-02T14:20:48","date_gmt":"2023-08-02T12:20:48","guid":{"rendered":"https:\/\/kamanjola.de\/?page_id=923"},"modified":"2025-12-04T09:00:58","modified_gmt":"2025-12-04T08:00:58","slug":"job-offers","status":"publish","type":"page","link":"https:\/\/kamanjola.de\/de\/job-offers\/","title":{"rendered":"Stellenangebote"},"content":{"rendered":"<div data-elementor-type=\"wp-page\" data-elementor-id=\"923\" class=\"elementor elementor-923\" data-elementor-post-type=\"page\">\n\t\t\t\t\t\t<section class=\"elementor-section elementor-top-section elementor-element elementor-element-c021ebf elementor-section-full_width elementor-section-height-default elementor-section-height-default\" data-id=\"c021ebf\" data-element_type=\"section\" data-e-type=\"section\" data-settings=\"{&quot;background_background&quot;:&quot;classic&quot;}\">\n\t\t\t\t\t\t<div class=\"elementor-container elementor-column-gap-default\">\n\t\t\t\t\t<div class=\"elementor-column elementor-col-100 elementor-top-column elementor-element elementor-element-b306339\" data-id=\"b306339\" data-element_type=\"column\" data-e-type=\"column\">\n\t\t\t<div class=\"elementor-widget-wrap elementor-element-populated\">\n\t\t\t\t\t\t<div class=\"elementor-element elementor-element-3c49dae e-transform elementor-widget__width-inherit e-transform elementor-widget elementor-widget-heading\" data-id=\"3c49dae\" data-element_type=\"widget\" data-e-type=\"widget\" data-settings=\"{&quot;_transform_rotateZ_effect&quot;:{&quot;unit&quot;:&quot;px&quot;,&quot;size&quot;:0,&quot;sizes&quot;:[]},&quot;_transform_rotateZ_effect_tablet&quot;:{&quot;unit&quot;:&quot;deg&quot;,&quot;size&quot;:&quot;&quot;,&quot;sizes&quot;:[]},&quot;_transform_rotateZ_effect_mobile&quot;:{&quot;unit&quot;:&quot;deg&quot;,&quot;size&quot;:&quot;&quot;,&quot;sizes&quot;:[]},&quot;_transform_scaleX_effect&quot;:{&quot;unit&quot;:&quot;px&quot;,&quot;size&quot;:&quot;&quot;,&quot;sizes&quot;:[]},&quot;_transform_scaleX_effect_tablet&quot;:{&quot;unit&quot;:&quot;px&quot;,&quot;size&quot;:&quot;&quot;,&quot;sizes&quot;:[]},&quot;_transform_scaleX_effect_mobile&quot;:{&quot;unit&quot;:&quot;px&quot;,&quot;size&quot;:&quot;&quot;,&quot;sizes&quot;:[]},&quot;_transform_scaleY_effect&quot;:{&quot;unit&quot;:&quot;px&quot;,&quot;size&quot;:&quot;&quot;,&quot;sizes&quot;:[]},&quot;_transform_scaleY_effect_tablet&quot;:{&quot;unit&quot;:&quot;px&quot;,&quot;size&quot;:&quot;&quot;,&quot;sizes&quot;:[]},&quot;_transform_scaleY_effect_mobile&quot;:{&quot;unit&quot;:&quot;px&quot;,&quot;size&quot;:&quot;&quot;,&quot;sizes&quot;:[]}}\" data-widget_type=\"heading.default\">\n\t\t\t\t<div class=\"elementor-widget-container\">\n\t\t\t\t\t<h1 class=\"elementor-heading-title elementor-size-xxl\">We are hiring!<\/h1>\t\t\t\t<\/div>\n\t\t\t\t<\/div>\n\t\t\t\t\t<\/div>\n\t\t<\/div>\n\t\t\t\t\t<\/div>\n\t\t<\/section>\n\t\t\t\t<section class=\"elementor-section elementor-top-section elementor-element elementor-element-ffd7414 elementor-section-boxed elementor-section-height-default elementor-section-height-default\" data-id=\"ffd7414\" data-element_type=\"section\" data-e-type=\"section\">\n\t\t\t\t\t\t<div class=\"elementor-container elementor-column-gap-default\">\n\t\t\t\t\t<div class=\"elementor-column elementor-col-100 elementor-top-column elementor-element elementor-element-1a78de7\" data-id=\"1a78de7\" data-element_type=\"column\" data-e-type=\"column\">\n\t\t\t<div class=\"elementor-widget-wrap elementor-element-populated\">\n\t\t\t\t\t\t<div class=\"elementor-element elementor-element-e4d9c00 elementor-widget elementor-widget-heading\" data-id=\"e4d9c00\" data-element_type=\"widget\" data-e-type=\"widget\" data-widget_type=\"heading.default\">\n\t\t\t\t<div class=\"elementor-widget-container\">\n\t\t\t\t\t<h2 class=\"elementor-heading-title elementor-size-xxl\">Stellenangebote<\/h2>\t\t\t\t<\/div>\n\t\t\t\t<\/div>\n\t\t\t\t\t<\/div>\n\t\t<\/div>\n\t\t\t\t\t<\/div>\n\t\t<\/section>\n\t\t\t\t<section class=\"elementor-section elementor-top-section elementor-element elementor-element-5f9ede6 elementor-section-boxed elementor-section-height-default elementor-section-height-default\" data-id=\"5f9ede6\" data-element_type=\"section\" data-e-type=\"section\">\n\t\t\t\t\t\t<div class=\"elementor-container elementor-column-gap-default\">\n\t\t\t\t\t<div class=\"elementor-column elementor-col-100 elementor-top-column elementor-element elementor-element-37399d8\" data-id=\"37399d8\" data-element_type=\"column\" data-e-type=\"column\">\n\t\t\t<div class=\"elementor-widget-wrap elementor-element-populated\">\n\t\t\t\t\t\t<div class=\"elementor-element elementor-element-721cfde elementor-widget elementor-widget-text-editor\" data-id=\"721cfde\" data-element_type=\"widget\" data-e-type=\"widget\" data-widget_type=\"text-editor.default\">\n\t\t\t\t<div class=\"elementor-widget-container\">\n\t\t\t\t\t\t\t\t\t<h3><strong><span style=\"background-color: transparent; color: #c534b4; font-family: var( --e-global-typography-text-font-family ), Sans-serif;\">\u00dcber uns<\/span><\/strong><\/h3><p>Die KAMAnjola GmbH ist eine Technologie Werkstatt f\u00fcr die Nutzungsunterst\u00fctzung intelligenter Infrastrukturen. Dir stehen erfahrene Kolleginnen und Kollegen zur Seite, die dich in deiner beruflichen Weiterentwicklung begleiten.<\/p><p>Viele interessante und herausfordernde Aufgaben im Bereich Big Data Analytics, digital twins und KI-Produktentwicklung erwarten dich bei uns. Durch unsere technische Innovationsf\u00e4higkeit, die hohe Produktqualit\u00e4t sowie die ausgepr\u00e4gte Serviceorientierung heben wir uns vom Markt ab. Unsere Mitarbeiter sch\u00e4tzen unsere werteorientierte Unternehmenskultur, in der Offenheit und Vertrauen eine wichtige Rolle spielen.<\/p>\t\t\t\t\t\t\t\t<\/div>\n\t\t\t\t<\/div>\n\t\t\t\t\t<\/div>\n\t\t<\/div>\n\t\t\t\t\t<\/div>\n\t\t<\/section>\n\t\t\t\t<section class=\"elementor-section elementor-top-section elementor-element elementor-element-8d19884 elementor-section-boxed elementor-section-height-default elementor-section-height-default\" data-id=\"8d19884\" data-element_type=\"section\" data-e-type=\"section\">\n\t\t\t\t\t\t<div class=\"elementor-container elementor-column-gap-default\">\n\t\t\t\t\t<div class=\"elementor-column elementor-col-100 elementor-top-column elementor-element elementor-element-ebe11f2\" data-id=\"ebe11f2\" data-element_type=\"column\" data-e-type=\"column\">\n\t\t\t<div class=\"elementor-widget-wrap elementor-element-populated\">\n\t\t\t\t\t\t<div class=\"elementor-element elementor-element-34f868e elementor-grid-3 elementor-grid-tablet-2 elementor-grid-mobile-1 elementor-posts--thumbnail-top elementor-widget elementor-widget-posts\" data-id=\"34f868e\" data-element_type=\"widget\" data-e-type=\"widget\" data-settings=\"{&quot;classic_columns&quot;:&quot;3&quot;,&quot;classic_columns_tablet&quot;:&quot;2&quot;,&quot;classic_columns_mobile&quot;:&quot;1&quot;,&quot;classic_row_gap&quot;:{&quot;unit&quot;:&quot;px&quot;,&quot;size&quot;:35,&quot;sizes&quot;:[]},&quot;classic_row_gap_tablet&quot;:{&quot;unit&quot;:&quot;px&quot;,&quot;size&quot;:&quot;&quot;,&quot;sizes&quot;:[]},&quot;classic_row_gap_mobile&quot;:{&quot;unit&quot;:&quot;px&quot;,&quot;size&quot;:&quot;&quot;,&quot;sizes&quot;:[]}}\" data-widget_type=\"posts.classic\">\n\t\t\t\t<div class=\"elementor-widget-container\">\n\t\t\t\t\t\t\t<div class=\"elementor-posts-container elementor-posts elementor-posts--skin-classic elementor-grid\" role=\"list\">\n\t\t\t\t<article class=\"elementor-post elementor-grid-item post-2110 jobs type-jobs status-publish has-post-thumbnail hentry job_category-werkstudent\" role=\"listitem\">\n\t\t\t\t<a class=\"elementor-post__thumbnail__link\" href=\"https:\/\/kamanjola.de\/de\/jobs\/werkstudent-in-bereich-social-media\/\" tabindex=\"-1\" >\n\t\t\t<div class=\"elementor-post__thumbnail\"><img fetchpriority=\"high\" decoding=\"async\" width=\"800\" height=\"598\" src=\"https:\/\/kamanjola.de\/wp-content\/uploads\/2025\/11\/werkstudent-in-bereich-social-media-1024x765.webp\" class=\"attachment-large size-large wp-image-2292\" alt=\"werkstudent-in-bereich-social-media\" srcset=\"https:\/\/kamanjola.de\/wp-content\/uploads\/2025\/11\/werkstudent-in-bereich-social-media-1024x765.webp 1024w, https:\/\/kamanjola.de\/wp-content\/uploads\/2025\/11\/werkstudent-in-bereich-social-media-300x224.webp 300w, https:\/\/kamanjola.de\/wp-content\/uploads\/2025\/11\/werkstudent-in-bereich-social-media-768x573.webp 768w, https:\/\/kamanjola.de\/wp-content\/uploads\/2025\/11\/werkstudent-in-bereich-social-media-16x12.webp 16w, https:\/\/kamanjola.de\/wp-content\/uploads\/2025\/11\/werkstudent-in-bereich-social-media.webp 1200w\" sizes=\"(max-width: 800px) 100vw, 800px\" \/><\/div>\n\t\t<\/a>\n\t\t\t\t<div class=\"elementor-post__text\">\n\t\t\t\t<h3 class=\"elementor-post__title\">\n\t\t\t<a href=\"https:\/\/kamanjola.de\/de\/jobs\/werkstudent-in-bereich-social-media\/\" >\n\t\t\t\tWerkstudent:in (m\/w\/d) im Bereich Social Media\/ Marketing\t\t\t<\/a>\n\t\t<\/h3>\n\t\t\t\t<div class=\"elementor-post__meta-data\">\n\t\t\t\t\t<span class=\"elementor-post-date\">\n\t\t\tNovember 29, 2025\t\t<\/span>\n\t\t\t\t<\/div>\n\t\t\t\t<div class=\"elementor-post__excerpt\">\n\t\t\t<p>Am Standort Aachen<\/p>\n\t\t<\/div>\n\t\t\n\t\t<a class=\"elementor-post__read-more\" href=\"https:\/\/kamanjola.de\/de\/jobs\/werkstudent-in-bereich-social-media\/\" aria-label=\"Read more about Werkstudent:in (m\/w\/d) im Bereich Social Media\/ Marketing\" tabindex=\"-1\" >\n\t\t\tMehr dazu\t\t<\/a>\n\n\t\t\t\t<\/div>\n\t\t\t\t<\/article>\n\t\t\t\t<\/div>\n\t\t\n\t\t\t\t\t\t<\/div>\n\t\t\t\t<\/div>\n\t\t\t\t\t<\/div>\n\t\t<\/div>\n\t\t\t\t\t<\/div>\n\t\t<\/section>\n\t\t\t\t<\/div>","protected":false},"excerpt":{"rendered":"<p>We are hiring! Job offers About us KAMAnjola GmbH is a technology workshop for supporting the use of intelligent infrastructures. Experienced colleagues are at your side to support you in your professional development. Many interesting and challenging tasks in the field of big data analytics, digital twins and AI product development await you with us. [&hellip;]<\/p>\n","protected":false},"author":2,"featured_media":0,"parent":0,"menu_order":0,"comment_status":"closed","ping_status":"closed","template":"elementor_header_footer","meta":{"footnotes":""},"class_list":["post-923","page","type-page","status-publish","hentry"],"_links":{"self":[{"href":"https:\/\/kamanjola.de\/de\/wp-json\/wp\/v2\/pages\/923","targetHints":{"allow":["GET"]}}],"collection":[{"href":"https:\/\/kamanjola.de\/de\/wp-json\/wp\/v2\/pages"}],"about":[{"href":"https:\/\/kamanjola.de\/de\/wp-json\/wp\/v2\/types\/page"}],"author":[{"embeddable":true,"href":"https:\/\/kamanjola.de\/de\/wp-json\/wp\/v2\/users\/2"}],"replies":[{"embeddable":true,"href":"https:\/\/kamanjola.de\/de\/wp-json\/wp\/v2\/comments?post=923"}],"version-history":[{"count":3,"href":"https:\/\/kamanjola.de\/de\/wp-json\/wp\/v2\/pages\/923\/revisions"}],"predecessor-version":[{"id":2299,"href":"https:\/\/kamanjola.de\/de\/wp-json\/wp\/v2\/pages\/923\/revisions\/2299"}],"wp:attachment":[{"href":"https:\/\/kamanjola.de\/de\/wp-json\/wp\/v2\/media?parent=923"}],"curies":[{"name":"wp","href":"https:\/\/api.w.org\/{rel}","templated":true}]}}