{"id":1313,"date":"2024-07-04T14:32:19","date_gmt":"2024-07-04T12:32:19","guid":{"rendered":"https:\/\/kamanjola.de\/?page_id=1313"},"modified":"2024-10-25T10:49:27","modified_gmt":"2024-10-25T08:49:27","slug":"technical-infrastructures","status":"publish","type":"page","link":"https:\/\/kamanjola.de\/de\/technical-infrastructures\/","title":{"rendered":"Technische Infrastrukturen"},"content":{"rendered":"<div data-elementor-type=\"wp-page\" data-elementor-id=\"1313\" class=\"elementor elementor-1313\" data-elementor-post-type=\"page\">\n\t\t\t\t\t\t<section class=\"elementor-section elementor-top-section elementor-element elementor-element-5d2e758 elementor-section-full_width elementor-section-height-default elementor-section-height-default\" data-id=\"5d2e758\" data-element_type=\"section\" data-e-type=\"section\">\n\t\t\t\t\t\t<div class=\"elementor-container elementor-column-gap-no\">\n\t\t\t\t\t<div class=\"elementor-column elementor-col-100 elementor-top-column elementor-element elementor-element-812f9ea\" data-id=\"812f9ea\" data-element_type=\"column\" data-e-type=\"column\">\n\t\t\t<div class=\"elementor-widget-wrap elementor-element-populated\">\n\t\t\t\t\t\t<div class=\"elementor-element elementor-element-91c3f75 elementor-absolute elementor-widget elementor-widget-heading\" data-id=\"91c3f75\" data-element_type=\"widget\" data-e-type=\"widget\" data-settings=\"{&quot;_position&quot;:&quot;absolute&quot;}\" data-widget_type=\"heading.default\">\n\t\t\t\t<div class=\"elementor-widget-container\">\n\t\t\t\t\t<h1 class=\"elementor-heading-title elementor-size-default\">Technische Infrastrukturen<\/h1>\t\t\t\t<\/div>\n\t\t\t\t<\/div>\n\t\t\t\t<div class=\"elementor-element elementor-element-dc0db46 elementor-widget elementor-widget-image\" data-id=\"dc0db46\" data-element_type=\"widget\" data-e-type=\"widget\" data-widget_type=\"image.default\">\n\t\t\t\t<div class=\"elementor-widget-container\">\n\t\t\t\t\t\t\t\t\t\t\t\t\t\t\t<img fetchpriority=\"high\" decoding=\"async\" width=\"800\" height=\"320\" src=\"https:\/\/kamanjola.de\/wp-content\/uploads\/2024\/07\/Technical-Infrastructures.webp\" class=\"attachment-full size-full wp-image-1479\" alt=\"Technical Infrastructures\" srcset=\"https:\/\/kamanjola.de\/wp-content\/uploads\/2024\/07\/Technical-Infrastructures.webp 800w, https:\/\/kamanjola.de\/wp-content\/uploads\/2024\/07\/Technical-Infrastructures-300x120.webp 300w, https:\/\/kamanjola.de\/wp-content\/uploads\/2024\/07\/Technical-Infrastructures-768x307.webp 768w\" sizes=\"(max-width: 800px) 100vw, 800px\" \/>\t\t\t\t\t\t\t\t\t\t\t\t\t\t\t<\/div>\n\t\t\t\t<\/div>\n\t\t\t\t\t<\/div>\n\t\t<\/div>\n\t\t\t\t\t<\/div>\n\t\t<\/section>\n\t\t\t\t<section class=\"elementor-section elementor-top-section elementor-element elementor-element-5e83b1d elementor-section-boxed elementor-section-height-default elementor-section-height-default\" data-id=\"5e83b1d\" data-element_type=\"section\" data-e-type=\"section\">\n\t\t\t\t\t\t<div class=\"elementor-container elementor-column-gap-default\">\n\t\t\t\t\t<div class=\"elementor-column elementor-col-100 elementor-top-column elementor-element elementor-element-2e731b0\" data-id=\"2e731b0\" data-element_type=\"column\" data-e-type=\"column\">\n\t\t\t<div class=\"elementor-widget-wrap elementor-element-populated\">\n\t\t\t\t\t\t<div class=\"elementor-element elementor-element-c49c13e elementor-widget elementor-widget-text-editor\" data-id=\"c49c13e\" data-element_type=\"widget\" data-e-type=\"widget\" data-widget_type=\"text-editor.default\">\n\t\t\t\t<div class=\"elementor-widget-container\">\n\t\t\t\t\t\t\t\t\tBei KAMAnjola bezieht sich der Begriff \u201eTechnische Infrastrukturen\u201c auf die wesentlichen Systeme und Netzwerke, die Branchen wie Energie, Telekommunikation, Mobilit\u00e4t, Industrie 4.0, \u00f6ffentliche Infrastrukturen und Verteidigungssysteme unterst\u00fctzen. Zu diesen Infrastrukturen geh\u00f6ren Stromnetze, Kommunikationsnetze und Transportsysteme, die das R\u00fcckgrat der modernen Gesellschaft bilden. Wir konzentrieren uns auf Unternehmen, die diese Systeme verwalten, und statten sie mit KI-gesteuerten Tools aus, um Effizienz, Zuverl\u00e4ssigkeit und Innovation in ihrem gesamten Betrieb zu gew\u00e4hrleisten.\t\t\t\t\t\t\t\t<\/div>\n\t\t\t\t<\/div>\n\t\t\t\t\t<\/div>\n\t\t<\/div>\n\t\t\t\t\t<\/div>\n\t\t<\/section>\n\t\t\t\t<section class=\"elementor-section elementor-top-section elementor-element elementor-element-32795f8 elementor-section-boxed elementor-section-height-default elementor-section-height-default\" data-id=\"32795f8\" data-element_type=\"section\" data-e-type=\"section\" data-settings=\"{&quot;background_background&quot;:&quot;classic&quot;}\">\n\t\t\t\t\t\t<div class=\"elementor-container elementor-column-gap-default\">\n\t\t\t\t\t<div class=\"elementor-column elementor-col-100 elementor-top-column elementor-element elementor-element-ed6e978\" data-id=\"ed6e978\" data-element_type=\"column\" data-e-type=\"column\">\n\t\t\t<div class=\"elementor-widget-wrap elementor-element-populated\">\n\t\t\t\t\t\t<div class=\"elementor-element elementor-element-57dd0ab elementor-widget__width-auto elementor-widget elementor-widget-heading\" data-id=\"57dd0ab\" data-element_type=\"widget\" data-e-type=\"widget\" data-widget_type=\"heading.default\">\n\t\t\t\t<div class=\"elementor-widget-container\">\n\t\t\t\t\t<h2 class=\"elementor-heading-title elementor-size-default\">Energy &amp; Telecommunication<\/h2>\t\t\t\t<\/div>\n\t\t\t\t<\/div>\n\t\t\t\t<div class=\"elementor-element elementor-element-6c065c9 elementor-widget__width-auto elementor-widget-divider--view-line elementor-widget elementor-widget-divider\" data-id=\"6c065c9\" data-element_type=\"widget\" data-e-type=\"widget\" data-widget_type=\"divider.default\">\n\t\t\t\t<div class=\"elementor-widget-container\">\n\t\t\t\t\t\t\t<div class=\"elementor-divider\">\n\t\t\t<span class=\"elementor-divider-separator\">\n\t\t\t\t\t\t<\/span>\n\t\t<\/div>\n\t\t\t\t\t\t<\/div>\n\t\t\t\t<\/div>\n\t\t\t\t<section class=\"elementor-section elementor-inner-section elementor-element elementor-element-fdee124 elementor-section-boxed elementor-section-height-default elementor-section-height-default\" data-id=\"fdee124\" data-element_type=\"section\" data-e-type=\"section\">\n\t\t\t\t\t\t<div class=\"elementor-container elementor-column-gap-default\">\n\t\t\t\t\t<div class=\"elementor-column elementor-col-50 elementor-inner-column elementor-element elementor-element-e4d2594\" data-id=\"e4d2594\" data-element_type=\"column\" data-e-type=\"column\">\n\t\t\t<div class=\"elementor-widget-wrap elementor-element-populated\">\n\t\t\t\t\t\t<div class=\"elementor-element elementor-element-4737c3c elementor-widget__width-initial elementor-widget elementor-widget-text-editor\" data-id=\"4737c3c\" data-element_type=\"widget\" data-e-type=\"widget\" data-widget_type=\"text-editor.default\">\n\t\t\t\t<div class=\"elementor-widget-container\">\n\t\t\t\t\t\t\t\t\tDie Energie- und die Telekommunikationsbranche sind f\u00fcr die heutige Gesellschaft von grundlegender Bedeutung und treiben sowohl den t\u00e4glichen Betrieb als auch langfristige Fortschritte voran. Der Energiesektor umfasst ein breites Spektrum an Aktivit\u00e4ten, von der Stromerzeugung - sei es durch traditionelle fossile Brennstoffe oder erneuerbare Energien - bis hin zur \u00dcbertragung und Verteilung \u00fcber gro\u00dfe Netze. Dieser Sektor versorgt nicht nur Haushalte und Industrien mit Energie, sondern ist auch die Grundlage f\u00fcr wirtschaftliche Entwicklung und technologischen Fortschritt. \t\t\t\t\t\t\t\t<\/div>\n\t\t\t\t<\/div>\n\t\t\t\t<div class=\"elementor-element elementor-element-3d454fb elementor-widget__width-initial elementor-widget elementor-widget-text-editor\" data-id=\"3d454fb\" data-element_type=\"widget\" data-e-type=\"widget\" data-widget_type=\"text-editor.default\">\n\t\t\t\t<div class=\"elementor-widget-container\">\n\t\t\t\t\t\t\t\t\tIn \u00e4hnlicher Weise ist die Telekommunikationsbranche von zentraler Bedeutung f\u00fcr die Verbindung von Menschen und Unternehmen auf der ganzen Welt. Sie umfasst die Entwicklung und Wartung von Netzinfrastrukturen, die Sprach-, Daten- und Multimediadienste unterst\u00fctzen. Da der Datenverbrauch zunimmt und die digitale Konnektivit\u00e4t immer mehr zum festen Bestandteil des t\u00e4glichen Lebens wird, muss sich die Branche st\u00e4ndig anpassen, um die steigenden Anforderungen zu erf\u00fcllen und robuste, sichere Kommunikationsnetze zu gew\u00e4hrleisten.\t\t\t\t\t\t\t\t<\/div>\n\t\t\t\t<\/div>\n\t\t\t\t<div class=\"elementor-element elementor-element-a4c1b1b elementor-widget__width-initial elementor-widget elementor-widget-text-editor\" data-id=\"a4c1b1b\" data-element_type=\"widget\" data-e-type=\"widget\" data-widget_type=\"text-editor.default\">\n\t\t\t\t<div class=\"elementor-widget-container\">\n\t\t\t\t\t\t\t\t\tKAMAnjola spielt eine Schl\u00fcsselrolle bei der Verbesserung dieser wichtigen Sektoren durch unsere spezialisierten KI-gesteuerten L\u00f6sungen. Wir bieten Spitzentechnologien wie digitale Zwillinge und intelligente IoT-Systeme, die die Effizienz und Zuverl\u00e4ssigkeit der Energieerzeugung und -verteilung verbessern sollen. In der Telekommunikationsbranche helfen unsere L\u00f6sungen bei der Optimierung der Netzwerkleistung und der Bew\u00e4ltigung des zunehmenden Datenverkehrsvolumens. Durch die Integration unserer fortschrittlichen Technologien in die betrieblichen Rahmenbedingungen von Energie- und Telekommunikationsunternehmen helfen wir ihnen, die Herausforderungen moderner Infrastrukturen zu meistern und Innovationen voranzutreiben. Unsere ma\u00dfgeschneiderten L\u00f6sungen sorgen daf\u00fcr, dass diese kritischen Branchen an der Spitze des technologischen Fortschritts und der operativen Exzellenz bleiben.\t\t\t\t\t\t\t\t<\/div>\n\t\t\t\t<\/div>\n\t\t\t\t\t<\/div>\n\t\t<\/div>\n\t\t\t\t<div class=\"elementor-column elementor-col-50 elementor-inner-column elementor-element elementor-element-09e04c1\" data-id=\"09e04c1\" data-element_type=\"column\" data-e-type=\"column\" data-settings=\"{&quot;background_background&quot;:&quot;classic&quot;}\">\n\t\t\t<div class=\"elementor-widget-wrap elementor-element-populated\">\n\t\t\t\t\t\t<div class=\"elementor-element elementor-element-ae1e9f3 elementor-widget elementor-widget-text-editor\" data-id=\"ae1e9f3\" data-element_type=\"widget\" data-e-type=\"widget\" data-widget_type=\"text-editor.default\">\n\t\t\t\t<div class=\"elementor-widget-container\">\n\t\t\t\t\t\t\t\t\t<video autoplay=\"autoplay\" loop=\"loop\" muted=\"\" width=\"auto\">\n<source src=\"https:\/\/kamanjola.de\/wp-content\/uploads\/2024\/09\/Energy-Telecommunication-sd.mp4\" type=\"video\/mp4\" \/>\n<\/video>\t\t\t\t\t\t\t\t<\/div>\n\t\t\t\t<\/div>\n\t\t\t\t\t<\/div>\n\t\t<\/div>\n\t\t\t\t\t<\/div>\n\t\t<\/section>\n\t\t\t\t\t<\/div>\n\t\t<\/div>\n\t\t\t\t\t<\/div>\n\t\t<\/section>\n\t\t\t\t<section class=\"elementor-section elementor-top-section elementor-element elementor-element-d57812c elementor-section-boxed elementor-section-height-default elementor-section-height-default\" data-id=\"d57812c\" data-element_type=\"section\" data-e-type=\"section\">\n\t\t\t\t\t\t<div class=\"elementor-container elementor-column-gap-default\">\n\t\t\t\t\t<div class=\"elementor-column elementor-col-100 elementor-top-column elementor-element elementor-element-4d6cc00\" data-id=\"4d6cc00\" data-element_type=\"column\" data-e-type=\"column\">\n\t\t\t<div class=\"elementor-widget-wrap elementor-element-populated\">\n\t\t\t\t\t\t<div class=\"elementor-element elementor-element-1c1ad72 elementor-widget__width-auto elementor-widget elementor-widget-heading\" data-id=\"1c1ad72\" data-element_type=\"widget\" data-e-type=\"widget\" data-widget_type=\"heading.default\">\n\t\t\t\t<div class=\"elementor-widget-container\">\n\t\t\t\t\t<h2 class=\"elementor-heading-title elementor-size-default\">Mobilit\u00e4t &amp; Industrie 4.0<\/h2>\t\t\t\t<\/div>\n\t\t\t\t<\/div>\n\t\t\t\t<div class=\"elementor-element elementor-element-b46f001 elementor-widget__width-auto elementor-widget-divider--view-line elementor-widget elementor-widget-divider\" data-id=\"b46f001\" data-element_type=\"widget\" data-e-type=\"widget\" data-widget_type=\"divider.default\">\n\t\t\t\t<div class=\"elementor-widget-container\">\n\t\t\t\t\t\t\t<div class=\"elementor-divider\">\n\t\t\t<span class=\"elementor-divider-separator\">\n\t\t\t\t\t\t<\/span>\n\t\t<\/div>\n\t\t\t\t\t\t<\/div>\n\t\t\t\t<\/div>\n\t\t\t\t<div class=\"elementor-element elementor-element-8915da2 elementor-widget elementor-widget-text-editor\" data-id=\"8915da2\" data-element_type=\"widget\" data-e-type=\"widget\" data-widget_type=\"text-editor.default\">\n\t\t\t\t<div class=\"elementor-widget-container\">\n\t\t\t\t\t\t\t\t\tDie Mobilit\u00e4ts- und Industrie 4.0-Branchen stehen an vorderster Front, wenn es darum geht, die Art und Weise zu ver\u00e4ndern, wie wir mit Technologie interagieren und industrielle Prozesse optimieren. Der Mobilit\u00e4tssektor umfasst alle Aspekte des Transports, einschlie\u00dflich Automobil-, Bahn- und \u00f6ffentlicher Verkehrssysteme. Er spielt eine entscheidende Rolle bei der Verbindung von Menschen und G\u00fctern, der Ankurbelung der Wirtschaftst\u00e4tigkeit und der Gestaltung der Stadtentwicklung. Fortschritte in der Mobilit\u00e4tstechnologie, wie z.B. autonome Fahrzeuge, Elektrofahrzeuge und intelligente Infrastrukturen, sind f\u00fcr die Schaffung effizienter, nachhaltiger und anpassungsf\u00e4higer Verkehrssysteme unerl\u00e4sslich.\t\t\t\t\t\t\t\t<\/div>\n\t\t\t\t<\/div>\n\t\t\t\t<div class=\"elementor-element elementor-element-4c1b498 elementor-widget elementor-widget-text-editor\" data-id=\"4c1b498\" data-element_type=\"widget\" data-e-type=\"widget\" data-widget_type=\"text-editor.default\">\n\t\t\t\t<div class=\"elementor-widget-container\">\n\t\t\t\t\t\t\t\t\tIndustrie 4.0 stellt die n\u00e4chste Phase in der Entwicklung der Fertigung und der industriellen Prozesse dar. Sie integriert Spitzentechnologien wie das Internet der Dinge (IoT), k\u00fcnstliche Intelligenz (KI), Robotik und Big-Data-Analysen, um intelligente Fabriken zu schaffen und die Produktion zu optimieren. Diese Revolution zielt darauf ab, die Effizienz, Flexibilit\u00e4t und Produktivit\u00e4t zu steigern, indem sie Datenerfassung in Echtzeit, fortschrittliche Automatisierung und vorausschauende Wartung erm\u00f6glicht. In dem Ma\u00dfe, wie sich die Industrie diese Technologien zu eigen macht, verwandeln sie die traditionelle Fertigung in hochgradig vernetzte und intelligente Systeme.\t\t\t\t\t\t\t\t<\/div>\n\t\t\t\t<\/div>\n\t\t\t\t<div class=\"elementor-element elementor-element-0c1f5b1 elementor-widget elementor-widget-text-editor\" data-id=\"0c1f5b1\" data-element_type=\"widget\" data-e-type=\"widget\" data-widget_type=\"text-editor.default\">\n\t\t\t\t<div class=\"elementor-widget-container\">\n\t\t\t\t\t\t\t\t\tKAMAnjola tr\u00e4gt wesentlich dazu bei, diese Sektoren voranzubringen, indem es KI-gesteuerte L\u00f6sungen anbietet, die auf ihre spezifischen Bed\u00fcrfnisse zugeschnitten sind. Unsere Technologien, einschlie\u00dflich digitaler Zwillinge und intelligenter IoT-Systeme, helfen dabei, die Effizienz und Leistung von Mobilit\u00e4tssystemen zu verbessern, indem sie Routen optimieren, Flotten verwalten und die intelligente Infrastruktur verbessern. In der Industrie 4.0 erm\u00f6glichen unsere L\u00f6sungen Herstellern die Nutzung von Echtzeitdaten f\u00fcr die vorausschauende Wartung, die Rationalisierung von Produktionsprozessen und eine h\u00f6here betriebliche Flexibilit\u00e4t. Durch die Integration unserer fortschrittlichen Technologien unterst\u00fctzt KAMAnjola die Entwicklung von Mobilit\u00e4t und Fertigung zu intelligenteren, st\u00e4rker vernetzten Bereichen und f\u00f6rdert so Innovation und operative Exzellenz in diesen wichtigen Branchen.\t\t\t\t\t\t\t\t<\/div>\n\t\t\t\t<\/div>\n\t\t\t\t\t<\/div>\n\t\t<\/div>\n\t\t\t\t\t<\/div>\n\t\t<\/section>\n\t\t\t\t<section class=\"elementor-section elementor-top-section elementor-element elementor-element-5488086 elementor-section-boxed elementor-section-height-default elementor-section-height-default\" data-id=\"5488086\" data-element_type=\"section\" data-e-type=\"section\" data-settings=\"{&quot;background_background&quot;:&quot;classic&quot;}\">\n\t\t\t\t\t\t<div class=\"elementor-container elementor-column-gap-default\">\n\t\t\t\t\t<div class=\"elementor-column elementor-col-100 elementor-top-column elementor-element elementor-element-09dfe76\" data-id=\"09dfe76\" data-element_type=\"column\" data-e-type=\"column\">\n\t\t\t<div class=\"elementor-widget-wrap elementor-element-populated\">\n\t\t\t\t\t\t<div class=\"elementor-element elementor-element-6732f67 elementor-widget__width-auto elementor-widget elementor-widget-heading\" data-id=\"6732f67\" data-element_type=\"widget\" data-e-type=\"widget\" data-widget_type=\"heading.default\">\n\t\t\t\t<div class=\"elementor-widget-container\">\n\t\t\t\t\t<h2 class=\"elementor-heading-title elementor-size-default\">\u00d6ffentlichkeit &amp; Verteidigung<\/h2>\t\t\t\t<\/div>\n\t\t\t\t<\/div>\n\t\t\t\t<div class=\"elementor-element elementor-element-fdbe752 elementor-widget__width-auto elementor-widget-divider--view-line elementor-widget elementor-widget-divider\" data-id=\"fdbe752\" data-element_type=\"widget\" data-e-type=\"widget\" data-widget_type=\"divider.default\">\n\t\t\t\t<div class=\"elementor-widget-container\">\n\t\t\t\t\t\t\t<div class=\"elementor-divider\">\n\t\t\t<span class=\"elementor-divider-separator\">\n\t\t\t\t\t\t<\/span>\n\t\t<\/div>\n\t\t\t\t\t\t<\/div>\n\t\t\t\t<\/div>\n\t\t\t\t<div class=\"elementor-element elementor-element-f2856ed elementor-widget elementor-widget-text-editor\" data-id=\"f2856ed\" data-element_type=\"widget\" data-e-type=\"widget\" data-widget_type=\"text-editor.default\">\n\t\t\t\t<div class=\"elementor-widget-container\">\n\t\t\t\t\t\t\t\t\t<p>Der \u00f6ffentliche Sektor und die Verteidigungsindustrie sind f\u00fcr die Sicherheit, die Stabilit\u00e4t und das Wohlergehen der Nationen von entscheidender Bedeutung. Der \u00f6ffentliche Sektor umfasst ein breites Spektrum an wichtigen Dienstleistungen, darunter die Entwicklung der Infrastruktur, das Gesundheitswesen, das Bildungswesen und die \u00f6ffentliche Sicherheit. Regierungen und \u00f6ffentliche Organisationen sind f\u00fcr den Aufbau und die Instandhaltung der kritischen Infrastruktur verantwortlich, die die Grundlage moderner Gesellschaften bildet, von Transportsystemen bis hin zur Wasser- und Energieversorgung. Die Verteidigungsindustrie hingegen konzentriert sich auf die Wahrung der nationalen Sicherheit durch die Entwicklung, den Einsatz und die Wartung fortschrittlicher milit\u00e4rischer Technologien, Ausr\u00fcstung und strategischer Systeme. Diese Industrie spielt eine Schl\u00fcsselrolle beim Schutz der Nationen vor externen Bedrohungen und bei der Sicherung von Frieden und Stabilit\u00e4t.<\/p>\t\t\t\t\t\t\t\t<\/div>\n\t\t\t\t<\/div>\n\t\t\t\t<div class=\"elementor-element elementor-element-e91557c elementor-widget elementor-widget-text-editor\" data-id=\"e91557c\" data-element_type=\"widget\" data-e-type=\"widget\" data-widget_type=\"text-editor.default\">\n\t\t\t\t<div class=\"elementor-widget-container\">\n\t\t\t\t\t\t\t\t\t<p>Sowohl der \u00f6ffentliche Sektor als auch die Verteidigungsindustrie sind zunehmend auf fortschrittliche Technologien angewiesen, um den wachsenden Anforderungen und Herausforderungen gerecht zu werden. Intelligente Infrastrukturen, Cybersicherheit und datengesteuerte Entscheidungsfindung sind entscheidend f\u00fcr die Verbesserung \u00f6ffentlicher Dienstleistungen und die effiziente Nutzung von Ressourcen. Im Verteidigungsbereich ver\u00e4ndern Spitzentechnologien wie k\u00fcnstliche Intelligenz (KI), autonome Systeme und fortschrittliche Kommunikationsnetze die milit\u00e4rischen F\u00e4higkeiten, erh\u00f6hen die Einsatzbereitschaft und gew\u00e4hrleisten eine schnelle Reaktion auf neue Bedrohungen.<\/p>\t\t\t\t\t\t\t\t<\/div>\n\t\t\t\t<\/div>\n\t\t\t\t<div class=\"elementor-element elementor-element-621b8ef elementor-widget elementor-widget-text-editor\" data-id=\"621b8ef\" data-element_type=\"widget\" data-e-type=\"widget\" data-widget_type=\"text-editor.default\">\n\t\t\t\t<div class=\"elementor-widget-container\">\n\t\t\t\t\t\t\t\t\t<p>Wir unterst\u00fctzen den \u00f6ffentlichen und den Verteidigungssektor durch die Bereitstellung von KI-gest\u00fctzten L\u00f6sungen zur Optimierung kritischer Infrastrukturen, Verbesserung der betrieblichen Effizienz und Erh\u00f6hung der Sicherheit. Unsere Technologien, wie z. B. digitale Zwillinge und intelligente IoT-Systeme, erm\u00f6glichen es \u00f6ffentlichen Organisationen, Infrastrukturen und Ressourcen besser zu verwalten, \u00f6ffentliche Sicherheitssysteme zu verbessern und Abl\u00e4ufe zu rationalisieren. In der Verteidigungsindustrie tragen unsere L\u00f6sungen dazu bei, das Situationsbewusstsein zu verbessern, die Logistik und das Flottenmanagement zu optimieren und die fortschrittliche Systemintegration zu unterst\u00fctzen. Durch die Bereitstellung ma\u00dfgeschneiderter, datengesteuerter Technologien versetzt KAMAnjola diese Branchen in die Lage, die komplexen Herausforderungen der modernen Welt zu bew\u00e4ltigen und langfristige Sicherheit und Widerstandsf\u00e4higkeit zu gew\u00e4hrleisten.<\/p>\t\t\t\t\t\t\t\t<\/div>\n\t\t\t\t<\/div>\n\t\t\t\t\t<\/div>\n\t\t<\/div>\n\t\t\t\t\t<\/div>\n\t\t<\/section>\n\t\t\t\t<\/div>","protected":false},"excerpt":{"rendered":"<p>Technical Infrastructures At KAMAnjola, &#8220;Technical Infrastructures&#8221; refers to the essential systems and networks that support industries such as energy, telecommunications, mobility, Industry 4.0, public infrastructures and defense systems . These infrastructures include power grids, communication networks, and transportation systems, forming the backbone of modern society. We focus on companies that manage these systems, equipping them [&hellip;]<\/p>\n","protected":false},"author":5,"featured_media":0,"parent":0,"menu_order":0,"comment_status":"closed","ping_status":"closed","template":"","meta":{"footnotes":""},"class_list":["post-1313","page","type-page","status-publish","hentry"],"_links":{"self":[{"href":"https:\/\/kamanjola.de\/de\/wp-json\/wp\/v2\/pages\/1313","targetHints":{"allow":["GET"]}}],"collection":[{"href":"https:\/\/kamanjola.de\/de\/wp-json\/wp\/v2\/pages"}],"about":[{"href":"https:\/\/kamanjola.de\/de\/wp-json\/wp\/v2\/types\/page"}],"author":[{"embeddable":true,"href":"https:\/\/kamanjola.de\/de\/wp-json\/wp\/v2\/users\/5"}],"replies":[{"embeddable":true,"href":"https:\/\/kamanjola.de\/de\/wp-json\/wp\/v2\/comments?post=1313"}],"version-history":[{"count":0,"href":"https:\/\/kamanjola.de\/de\/wp-json\/wp\/v2\/pages\/1313\/revisions"}],"wp:attachment":[{"href":"https:\/\/kamanjola.de\/de\/wp-json\/wp\/v2\/media?parent=1313"}],"curies":[{"name":"wp","href":"https:\/\/api.w.org\/{rel}","templated":true}]}}