{"id":1305,"date":"2024-07-04T14:28:36","date_gmt":"2024-07-04T12:28:36","guid":{"rendered":"https:\/\/kamanjola.de\/?page_id=1305"},"modified":"2024-10-25T10:49:14","modified_gmt":"2024-10-25T08:49:14","slug":"business-operations","status":"publish","type":"page","link":"https:\/\/kamanjola.de\/de\/business-operations\/","title":{"rendered":"Nutzungsprozesse"},"content":{"rendered":"<div data-elementor-type=\"wp-page\" data-elementor-id=\"1305\" class=\"elementor elementor-1305\" data-elementor-post-type=\"page\">\n\t\t\t\t\t\t<section class=\"elementor-section elementor-top-section elementor-element elementor-element-5d2e758 elementor-section-full_width elementor-section-height-default elementor-section-height-default\" data-id=\"5d2e758\" data-element_type=\"section\" data-e-type=\"section\">\n\t\t\t\t\t\t<div class=\"elementor-container elementor-column-gap-no\">\n\t\t\t\t\t<div class=\"elementor-column elementor-col-100 elementor-top-column elementor-element elementor-element-812f9ea\" data-id=\"812f9ea\" data-element_type=\"column\" data-e-type=\"column\">\n\t\t\t<div class=\"elementor-widget-wrap elementor-element-populated\">\n\t\t\t\t\t\t<div class=\"elementor-element elementor-element-91c3f75 elementor-absolute elementor-widget elementor-widget-heading\" data-id=\"91c3f75\" data-element_type=\"widget\" data-e-type=\"widget\" data-settings=\"{&quot;_position&quot;:&quot;absolute&quot;}\" data-widget_type=\"heading.default\">\n\t\t\t\t<div class=\"elementor-widget-container\">\n\t\t\t\t\t<h1 class=\"elementor-heading-title elementor-size-default\">Nutzungsprozesse<\/h1>\t\t\t\t<\/div>\n\t\t\t\t<\/div>\n\t\t\t\t<div class=\"elementor-element elementor-element-dc0db46 elementor-widget elementor-widget-image\" data-id=\"dc0db46\" data-element_type=\"widget\" data-e-type=\"widget\" data-widget_type=\"image.default\">\n\t\t\t\t<div class=\"elementor-widget-container\">\n\t\t\t\t\t\t\t\t\t\t\t\t\t\t\t<img fetchpriority=\"high\" decoding=\"async\" width=\"1800\" height=\"720\" src=\"https:\/\/kamanjola.de\/wp-content\/uploads\/2024\/07\/Business-Operations-Detailpage-1.webp\" class=\"attachment-full size-full wp-image-1472\" alt=\"Business Operations Detailpage\" srcset=\"https:\/\/kamanjola.de\/wp-content\/uploads\/2024\/07\/Business-Operations-Detailpage-1.webp 1800w, https:\/\/kamanjola.de\/wp-content\/uploads\/2024\/07\/Business-Operations-Detailpage-1-300x120.webp 300w, https:\/\/kamanjola.de\/wp-content\/uploads\/2024\/07\/Business-Operations-Detailpage-1-1024x410.webp 1024w, https:\/\/kamanjola.de\/wp-content\/uploads\/2024\/07\/Business-Operations-Detailpage-1-768x307.webp 768w, https:\/\/kamanjola.de\/wp-content\/uploads\/2024\/07\/Business-Operations-Detailpage-1-1536x614.webp 1536w\" sizes=\"(max-width: 1800px) 100vw, 1800px\" \/>\t\t\t\t\t\t\t\t\t\t\t\t\t\t\t<\/div>\n\t\t\t\t<\/div>\n\t\t\t\t\t<\/div>\n\t\t<\/div>\n\t\t\t\t\t<\/div>\n\t\t<\/section>\n\t\t\t\t<section class=\"elementor-section elementor-top-section elementor-element elementor-element-189bb77 elementor-section-boxed elementor-section-height-default elementor-section-height-default\" data-id=\"189bb77\" data-element_type=\"section\" data-e-type=\"section\">\n\t\t\t\t\t\t<div class=\"elementor-container elementor-column-gap-default\">\n\t\t\t\t\t<div class=\"elementor-column elementor-col-100 elementor-top-column elementor-element elementor-element-e4f015f\" data-id=\"e4f015f\" data-element_type=\"column\" data-e-type=\"column\">\n\t\t\t<div class=\"elementor-widget-wrap elementor-element-populated\">\n\t\t\t\t\t\t<div class=\"elementor-element elementor-element-bbecbc8 elementor-widget elementor-widget-text-editor\" data-id=\"bbecbc8\" data-element_type=\"widget\" data-e-type=\"widget\" data-widget_type=\"text-editor.default\">\n\t\t\t\t<div class=\"elementor-widget-container\">\n\t\t\t\t\t\t\t\t\tDie Kernkompetenz von KAMAnjola liegt in der Erm\u00f6glichung fortschrittlicher Gesch\u00e4ftsabl\u00e4ufe f\u00fcr Unternehmen in der Infrastrukturbranche. Wir sind spezialisiert auf Integrierte Logistikunterst\u00fctzung (ILS), Systems of Systems Engineering und Real-Time Sales &amp; Operations. Unsere Expertise hilft unseren Kunden, ihre betriebliche Leistung zu optimieren und eine nahtlose Koordination \u00fcber komplexe Systeme hinweg zu erreichen. Durch den Einsatz von KI-gesteuerten L\u00f6sungen und digitalen Technologien verbessern wir die Effizienz, Zuverl\u00e4ssigkeit und Skalierbarkeit \u00fcber den gesamten betrieblichen Lebenszyklus hinweg und stellen so sicher, dass unsere Kunden an der Spitze ihrer Branche bleiben. KAMAnjola versetzt Unternehmen in die Lage, fundierte, datengesteuerte Entscheidungen zu treffen, die nachhaltiges Wachstum und Innovation f\u00f6rdern.\t\t\t\t\t\t\t\t<\/div>\n\t\t\t\t<\/div>\n\t\t\t\t\t<\/div>\n\t\t<\/div>\n\t\t\t\t\t<\/div>\n\t\t<\/section>\n\t\t\t\t<section class=\"elementor-section elementor-top-section elementor-element elementor-element-3b182da elementor-section-boxed elementor-section-height-default elementor-section-height-default\" data-id=\"3b182da\" data-element_type=\"section\" data-e-type=\"section\" data-settings=\"{&quot;background_background&quot;:&quot;classic&quot;}\">\n\t\t\t\t\t\t<div class=\"elementor-container elementor-column-gap-default\">\n\t\t\t\t\t<div class=\"elementor-column elementor-col-100 elementor-top-column elementor-element elementor-element-dc7f4f6\" data-id=\"dc7f4f6\" data-element_type=\"column\" data-e-type=\"column\">\n\t\t\t<div class=\"elementor-widget-wrap elementor-element-populated\">\n\t\t\t\t\t\t<div class=\"elementor-element elementor-element-01cb59c elementor-widget__width-auto elementor-widget elementor-widget-heading\" data-id=\"01cb59c\" data-element_type=\"widget\" data-e-type=\"widget\" data-widget_type=\"heading.default\">\n\t\t\t\t<div class=\"elementor-widget-container\">\n\t\t\t\t\t<h2 class=\"elementor-heading-title elementor-size-default\">Technische Logistische Betreuung (ILS) <\/h2>\t\t\t\t<\/div>\n\t\t\t\t<\/div>\n\t\t\t\t<div class=\"elementor-element elementor-element-ac0908e elementor-widget__width-auto elementor-widget-divider--view-line elementor-widget elementor-widget-divider\" data-id=\"ac0908e\" data-element_type=\"widget\" data-e-type=\"widget\" data-widget_type=\"divider.default\">\n\t\t\t\t<div class=\"elementor-widget-container\">\n\t\t\t\t\t\t\t<div class=\"elementor-divider\">\n\t\t\t<span class=\"elementor-divider-separator\">\n\t\t\t\t\t\t<\/span>\n\t\t<\/div>\n\t\t\t\t\t\t<\/div>\n\t\t\t\t<\/div>\n\t\t\t\t<section class=\"elementor-section elementor-inner-section elementor-element elementor-element-5894e7e elementor-section-boxed elementor-section-height-default elementor-section-height-default\" data-id=\"5894e7e\" data-element_type=\"section\" data-e-type=\"section\">\n\t\t\t\t\t\t<div class=\"elementor-container elementor-column-gap-default\">\n\t\t\t\t\t<div class=\"elementor-column elementor-col-50 elementor-inner-column elementor-element elementor-element-4c86cd7\" data-id=\"4c86cd7\" data-element_type=\"column\" data-e-type=\"column\">\n\t\t\t<div class=\"elementor-widget-wrap elementor-element-populated\">\n\t\t\t\t\t\t<div class=\"elementor-element elementor-element-81d4612 elementor-widget__width-initial elementor-widget elementor-widget-text-editor\" data-id=\"81d4612\" data-element_type=\"widget\" data-e-type=\"widget\" data-widget_type=\"text-editor.default\">\n\t\t\t\t<div class=\"elementor-widget-container\">\n\t\t\t\t\t\t\t\t\tIntegrierte Logistikunterst\u00fctzung (ILS) ist ein umfassender Ansatz, der darauf abzielt, die Effizienz und Effektivit\u00e4t betrieblicher Systeme w\u00e4hrend ihres gesamten Lebenszyklus zu verbessern. Bei KAMAnjola beinhaltet ILS die nahtlose Koordinierung von Logistik-, Wartungs- und Unterst\u00fctzungsaktivit\u00e4ten, um sicherzustellen, dass komplexe Systeme und Ausr\u00fcstungen zuverl\u00e4ssig und effizient funktionieren.\t\t\t\t\t\t\t\t<\/div>\n\t\t\t\t<\/div>\n\t\t\t\t<div class=\"elementor-element elementor-element-26e36bd elementor-widget__width-initial elementor-widget elementor-widget-text-editor\" data-id=\"26e36bd\" data-element_type=\"widget\" data-e-type=\"widget\" data-widget_type=\"text-editor.default\">\n\t\t\t\t<div class=\"elementor-widget-container\">\n\t\t\t\t\t\t\t\t\tILS umfasst eine Reihe von Dienstleistungen, darunter Lieferkettenmanagement, Ersatzteilversorgung, Wartungsplanung und technische Unterst\u00fctzung. Durch die Integration dieser Elemente bietet ILS eine ganzheitliche Sicht auf die Systemanforderungen und erm\u00f6glicht ein proaktives Management und rechtzeitige Reaktionen auf Probleme. Dieser Ansatz minimiert Ausfallzeiten, optimiert die Ressourcenzuweisung und verl\u00e4ngert die Lebensdauer der Anlagen.\t\t\t\t\t\t\t\t<\/div>\n\t\t\t\t<\/div>\n\t\t\t\t<div class=\"elementor-element elementor-element-253e8f0 elementor-widget__width-initial elementor-widget elementor-widget-text-editor\" data-id=\"253e8f0\" data-element_type=\"widget\" data-e-type=\"widget\" data-widget_type=\"text-editor.default\">\n\t\t\t\t<div class=\"elementor-widget-container\">\n\t\t\t\t\t\t\t\t\tUnsere ILS-L\u00f6sungen nutzen fortschrittliche Technologien und Datenanalysen, um Einblicke in Echtzeit und verwertbare Informationen zu liefern und unseren Kunden dabei zu helfen, ihre Logistikabl\u00e4ufe zu optimieren, Kosten zu senken und die allgemeine Systemleistung zu verbessern. Ob Energieinfrastruktur, Telekommunikationsnetze oder Verteidigungssysteme - unsere ILS-Dienstleistungen sorgen daf\u00fcr, dass Ihre Abl\u00e4ufe effizient und zuverl\u00e4ssig bleiben und Sie f\u00fcr jede Herausforderung gewappnet sind.\t\t\t\t\t\t\t\t<\/div>\n\t\t\t\t<\/div>\n\t\t\t\t\t<\/div>\n\t\t<\/div>\n\t\t\t\t<div class=\"elementor-column elementor-col-50 elementor-inner-column elementor-element elementor-element-47d04e8\" data-id=\"47d04e8\" data-element_type=\"column\" data-e-type=\"column\" data-settings=\"{&quot;background_background&quot;:&quot;classic&quot;}\">\n\t\t\t<div class=\"elementor-widget-wrap elementor-element-populated\">\n\t\t\t\t\t\t<div class=\"elementor-element elementor-element-44a1fe4 elementor-widget elementor-widget-text-editor\" data-id=\"44a1fe4\" data-element_type=\"widget\" data-e-type=\"widget\" data-widget_type=\"text-editor.default\">\n\t\t\t\t<div class=\"elementor-widget-container\">\n\t\t\t\t\t\t\t\t\t<video autoplay=\"autoplay\" loop=\"loop\" muted=\"\" width=\"auto\">\n<source src=\"https:\/\/kamanjola.de\/wp-content\/uploads\/2024\/09\/Integrated-Logistics-Support.m4v\" type=\"video\/mp4\" \/>\n<\/video>\t\t\t\t\t\t\t\t<\/div>\n\t\t\t\t<\/div>\n\t\t\t\t\t<\/div>\n\t\t<\/div>\n\t\t\t\t\t<\/div>\n\t\t<\/section>\n\t\t\t\t\t<\/div>\n\t\t<\/div>\n\t\t\t\t\t<\/div>\n\t\t<\/section>\n\t\t\t\t<section class=\"elementor-section elementor-top-section elementor-element elementor-element-0f506cb elementor-section-boxed elementor-section-height-default elementor-section-height-default\" data-id=\"0f506cb\" data-element_type=\"section\" data-e-type=\"section\">\n\t\t\t\t\t\t<div class=\"elementor-container elementor-column-gap-default\">\n\t\t\t\t\t<div class=\"elementor-column elementor-col-100 elementor-top-column elementor-element elementor-element-aba178b\" data-id=\"aba178b\" data-element_type=\"column\" data-e-type=\"column\">\n\t\t\t<div class=\"elementor-widget-wrap elementor-element-populated\">\n\t\t\t\t\t\t<div class=\"elementor-element elementor-element-43ef4fc elementor-widget__width-auto elementor-widget elementor-widget-heading\" data-id=\"43ef4fc\" data-element_type=\"widget\" data-e-type=\"widget\" data-widget_type=\"heading.default\">\n\t\t\t\t<div class=\"elementor-widget-container\">\n\t\t\t\t\t<h2 class=\"elementor-heading-title elementor-size-default\">Systems of Systems Engineering (SoSE)<\/h2>\t\t\t\t<\/div>\n\t\t\t\t<\/div>\n\t\t\t\t<div class=\"elementor-element elementor-element-722de53 elementor-widget__width-auto elementor-widget-divider--view-line elementor-widget elementor-widget-divider\" data-id=\"722de53\" data-element_type=\"widget\" data-e-type=\"widget\" data-widget_type=\"divider.default\">\n\t\t\t\t<div class=\"elementor-widget-container\">\n\t\t\t\t\t\t\t<div class=\"elementor-divider\">\n\t\t\t<span class=\"elementor-divider-separator\">\n\t\t\t\t\t\t<\/span>\n\t\t<\/div>\n\t\t\t\t\t\t<\/div>\n\t\t\t\t<\/div>\n\t\t\t\t<div class=\"elementor-element elementor-element-74d6208 elementor-widget elementor-widget-text-editor\" data-id=\"74d6208\" data-element_type=\"widget\" data-e-type=\"widget\" data-widget_type=\"text-editor.default\">\n\t\t\t\t<div class=\"elementor-widget-container\">\n\t\t\t\t\t\t\t\t\tDabei handelt es sich um einen ausgekl\u00fcgelten Ansatz zur Verwaltung und Optimierung komplexer, miteinander verbundener Systeme. Bei KAMAnjola beinhaltet Systems of Systems Engineering den Entwurf, die Integration und die Koordinierung mehrerer unabh\u00e4ngiger Systeme, damit diese nahtlos als ein einheitliches Ganzes zusammenarbeiten.\t\t\t\t\t\t\t\t<\/div>\n\t\t\t\t<\/div>\n\t\t\t\t<div class=\"elementor-element elementor-element-d8f4c1b elementor-widget elementor-widget-text-editor\" data-id=\"d8f4c1b\" data-element_type=\"widget\" data-e-type=\"widget\" data-widget_type=\"text-editor.default\">\n\t\t\t\t<div class=\"elementor-widget-container\">\n\t\t\t\t\t\t\t\t\tIm Wesentlichen konzentriert sich SoSE auf die Interaktion und Integration unterschiedlicher Systeme, um sicherzustellen, dass sie zusammenh\u00e4ngend funktionieren und eine h\u00f6here Leistung und Effizienz erzielen, als wenn sie isoliert betrieben w\u00fcrden. Dieser Ansatz ist entscheidend f\u00fcr Branchen, die auf eine komplexe Infrastruktur angewiesen sind, wie Energie, Telekommunikation und Verteidigung.\t\t\t\t\t\t\t\t<\/div>\n\t\t\t\t<\/div>\n\t\t\t\t<div class=\"elementor-element elementor-element-e2eabe9 elementor-widget elementor-widget-text-editor\" data-id=\"e2eabe9\" data-element_type=\"widget\" data-e-type=\"widget\" data-widget_type=\"text-editor.default\">\n\t\t\t\t<div class=\"elementor-widget-container\">\n\t\t\t\t\t\t\t\t\tUnsere SoSE-Dienstleistungen befassen sich mit der komplexen Aufgabe, verschiedene Teilsysteme zu koordinieren und sicherzustellen, dass sie \u00fcbergreifende Ziele erf\u00fcllen. Durch den Einsatz fortschrittlicher Methoden und Technologien erm\u00f6glichen wir eine effektive Kommunikation und einen effektiven Datenaustausch zwischen den Systemen, optimieren die Systemleistung und gehen potenzielle Herausforderungen bereits in einem fr\u00fchen Stadium des Prozesses an.\t\t\t\t\t\t\t\t<\/div>\n\t\t\t\t<\/div>\n\t\t\t\t\t<\/div>\n\t\t<\/div>\n\t\t\t\t\t<\/div>\n\t\t<\/section>\n\t\t\t\t<section class=\"elementor-section elementor-top-section elementor-element elementor-element-a242825 elementor-section-boxed elementor-section-height-default elementor-section-height-default\" data-id=\"a242825\" data-element_type=\"section\" data-e-type=\"section\" data-settings=\"{&quot;background_background&quot;:&quot;classic&quot;}\">\n\t\t\t\t\t\t<div class=\"elementor-container elementor-column-gap-default\">\n\t\t\t\t\t<div class=\"elementor-column elementor-col-100 elementor-top-column elementor-element elementor-element-49f9cd0\" data-id=\"49f9cd0\" data-element_type=\"column\" data-e-type=\"column\">\n\t\t\t<div class=\"elementor-widget-wrap elementor-element-populated\">\n\t\t\t\t\t\t<div class=\"elementor-element elementor-element-b6a0f6b elementor-widget__width-auto elementor-widget elementor-widget-heading\" data-id=\"b6a0f6b\" data-element_type=\"widget\" data-e-type=\"widget\" data-widget_type=\"heading.default\">\n\t\t\t\t<div class=\"elementor-widget-container\">\n\t\t\t\t\t<h2 class=\"elementor-heading-title elementor-size-default\">Realtime Sales &amp; Operations (S&amp;Op)<\/h2>\t\t\t\t<\/div>\n\t\t\t\t<\/div>\n\t\t\t\t<div class=\"elementor-element elementor-element-6fa74d2 elementor-widget__width-auto elementor-widget-divider--view-line elementor-widget elementor-widget-divider\" data-id=\"6fa74d2\" data-element_type=\"widget\" data-e-type=\"widget\" data-widget_type=\"divider.default\">\n\t\t\t\t<div class=\"elementor-widget-container\">\n\t\t\t\t\t\t\t<div class=\"elementor-divider\">\n\t\t\t<span class=\"elementor-divider-separator\">\n\t\t\t\t\t\t<\/span>\n\t\t<\/div>\n\t\t\t\t\t\t<\/div>\n\t\t\t\t<\/div>\n\t\t\t\t<div class=\"elementor-element elementor-element-6be43b6 elementor-widget elementor-widget-text-editor\" data-id=\"6be43b6\" data-element_type=\"widget\" data-e-type=\"widget\" data-widget_type=\"text-editor.default\">\n\t\t\t\t<div class=\"elementor-widget-container\">\n\t\t\t\t\t\t\t\t\tBei Realtime Sales &amp; Operations geht es um die Synchronisierung von Nachfrage, Angebot und betrieblichen Aktivit\u00e4ten in Echtzeit, um eine optimale Unternehmensleistung zu erzielen. Wir versetzen Unternehmen in die Lage, sofort datengest\u00fctzte Entscheidungen zu treffen, um sicherzustellen, dass Vertrieb und Betrieb stets mit der Marktnachfrage und den betrieblichen M\u00f6glichkeiten in Einklang stehen.\t\t\t\t\t\t\t\t<\/div>\n\t\t\t\t<\/div>\n\t\t\t\t<div class=\"elementor-element elementor-element-d861c9b elementor-widget elementor-widget-text-editor\" data-id=\"d861c9b\" data-element_type=\"widget\" data-e-type=\"widget\" data-widget_type=\"text-editor.default\">\n\t\t\t\t<div class=\"elementor-widget-container\">\n\t\t\t\t\t\t\t\t\tUnsere L\u00f6sungen nutzen fortschrittliche KI und Analytik, um in Echtzeit Einblicke in Lieferketten, Lagerbest\u00e4nde, Produktionspl\u00e4ne und die Kundennachfrage zu erhalten. So k\u00f6nnen Unternehmen schnell auf Ver\u00e4nderungen reagieren, die Ressourcenzuweisung optimieren und St\u00f6rungen minimieren. Durch die Integration von Echtzeit-Einblicken in die t\u00e4glichen Abl\u00e4ufe k\u00f6nnen Unternehmen ihre Reaktionsf\u00e4higkeit verbessern, die Durchlaufzeiten verk\u00fcrzen und die Kundenzufriedenheit steigern.\t\t\t\t\t\t\t\t<\/div>\n\t\t\t\t<\/div>\n\t\t\t\t<div class=\"elementor-element elementor-element-45d709e elementor-widget elementor-widget-text-editor\" data-id=\"45d709e\" data-element_type=\"widget\" data-e-type=\"widget\" data-widget_type=\"text-editor.default\">\n\t\t\t\t<div class=\"elementor-widget-container\">\n\t\t\t\t\t\t\t\t\tDie Realtime Sales &amp; Operations-L\u00f6sungen von KAMAnjola sorgen daf\u00fcr, dass Ihr Unternehmen in einem sich schnell ver\u00e4ndernden Umfeld agil, reaktionsschnell und wettbewerbsf\u00e4hig bleibt. So k\u00f6nnen Sie die Anforderungen Ihrer Kunden erf\u00fcllen und gleichzeitig Ihre Effizienz und Rentabilit\u00e4t maximieren.\t\t\t\t\t\t\t\t<\/div>\n\t\t\t\t<\/div>\n\t\t\t\t\t<\/div>\n\t\t<\/div>\n\t\t\t\t\t<\/div>\n\t\t<\/section>\n\t\t\t\t<\/div>","protected":false},"excerpt":{"rendered":"<p>Business Operations At KAMAnjola, our core service lies in enabling advanced business operations for companies within the infrastructure industry. We specialize in providing Integrated Logistics Support (ILS), Systems of Systems Engineering, and Real-Time Sales &#038; Operations. Our expertise helps clients optimize their operational performance and achieve seamless coordination across complex systems. By leveraging AI-driven solutions [&hellip;]<\/p>\n","protected":false},"author":5,"featured_media":0,"parent":0,"menu_order":0,"comment_status":"closed","ping_status":"closed","template":"","meta":{"footnotes":""},"class_list":["post-1305","page","type-page","status-publish","hentry"],"_links":{"self":[{"href":"https:\/\/kamanjola.de\/de\/wp-json\/wp\/v2\/pages\/1305","targetHints":{"allow":["GET"]}}],"collection":[{"href":"https:\/\/kamanjola.de\/de\/wp-json\/wp\/v2\/pages"}],"about":[{"href":"https:\/\/kamanjola.de\/de\/wp-json\/wp\/v2\/types\/page"}],"author":[{"embeddable":true,"href":"https:\/\/kamanjola.de\/de\/wp-json\/wp\/v2\/users\/5"}],"replies":[{"embeddable":true,"href":"https:\/\/kamanjola.de\/de\/wp-json\/wp\/v2\/comments?post=1305"}],"version-history":[{"count":0,"href":"https:\/\/kamanjola.de\/de\/wp-json\/wp\/v2\/pages\/1305\/revisions"}],"wp:attachment":[{"href":"https:\/\/kamanjola.de\/de\/wp-json\/wp\/v2\/media?parent=1305"}],"curies":[{"name":"wp","href":"https:\/\/api.w.org\/{rel}","templated":true}]}}