{"id":1270,"date":"2024-07-04T13:32:16","date_gmt":"2024-07-04T11:32:16","guid":{"rendered":"https:\/\/kamanjola.de\/?page_id=1270"},"modified":"2025-12-06T15:50:28","modified_gmt":"2025-12-06T14:50:28","slug":"technology-garage","status":"publish","type":"page","link":"https:\/\/kamanjola.de\/de\/technology-garage\/","title":{"rendered":"Technologie Werkstatt"},"content":{"rendered":"<div data-elementor-type=\"wp-page\" data-elementor-id=\"1270\" class=\"elementor elementor-1270\" data-elementor-post-type=\"page\">\n\t\t\t\t\t\t<section class=\"elementor-section elementor-top-section elementor-element elementor-element-5d2e758 elementor-section-full_width elementor-section-height-default elementor-section-height-default\" data-id=\"5d2e758\" data-element_type=\"section\" data-e-type=\"section\">\n\t\t\t\t\t\t<div class=\"elementor-container elementor-column-gap-no\">\n\t\t\t\t\t<div class=\"elementor-column elementor-col-100 elementor-top-column elementor-element elementor-element-812f9ea\" data-id=\"812f9ea\" data-element_type=\"column\" data-e-type=\"column\">\n\t\t\t<div class=\"elementor-widget-wrap elementor-element-populated\">\n\t\t\t\t\t\t<div class=\"elementor-element elementor-element-91c3f75 elementor-absolute elementor-widget elementor-widget-heading\" data-id=\"91c3f75\" data-element_type=\"widget\" data-e-type=\"widget\" data-settings=\"{&quot;_position&quot;:&quot;absolute&quot;}\" data-widget_type=\"heading.default\">\n\t\t\t\t<div class=\"elementor-widget-container\">\n\t\t\t\t\t<h1 class=\"elementor-heading-title elementor-size-default\">Technologie Werkstatt<\/h1>\t\t\t\t<\/div>\n\t\t\t\t<\/div>\n\t\t\t\t<div class=\"elementor-element elementor-element-dc0db46 elementor-widget elementor-widget-image\" data-id=\"dc0db46\" data-element_type=\"widget\" data-e-type=\"widget\" data-widget_type=\"image.default\">\n\t\t\t\t<div class=\"elementor-widget-container\">\n\t\t\t\t\t\t\t\t\t\t\t\t\t\t\t<img fetchpriority=\"high\" decoding=\"async\" width=\"800\" height=\"320\" src=\"https:\/\/kamanjola.de\/wp-content\/uploads\/2024\/07\/Technology-Garage-2.webp\" class=\"attachment-full size-full wp-image-1460\" alt=\"\" srcset=\"https:\/\/kamanjola.de\/wp-content\/uploads\/2024\/07\/Technology-Garage-2.webp 800w, https:\/\/kamanjola.de\/wp-content\/uploads\/2024\/07\/Technology-Garage-2-300x120.webp 300w, https:\/\/kamanjola.de\/wp-content\/uploads\/2024\/07\/Technology-Garage-2-768x307.webp 768w\" sizes=\"(max-width: 800px) 100vw, 800px\" \/>\t\t\t\t\t\t\t\t\t\t\t\t\t\t\t<\/div>\n\t\t\t\t<\/div>\n\t\t\t\t\t<\/div>\n\t\t<\/div>\n\t\t\t\t\t<\/div>\n\t\t<\/section>\n\t\t\t\t<section class=\"elementor-section elementor-top-section elementor-element elementor-element-0130154 elementor-section-boxed elementor-section-height-default elementor-section-height-default\" data-id=\"0130154\" data-element_type=\"section\" data-e-type=\"section\">\n\t\t\t\t\t\t<div class=\"elementor-container elementor-column-gap-default\">\n\t\t\t\t\t<div class=\"elementor-column elementor-col-100 elementor-top-column elementor-element elementor-element-85ca6c8\" data-id=\"85ca6c8\" data-element_type=\"column\" data-e-type=\"column\">\n\t\t\t<div class=\"elementor-widget-wrap elementor-element-populated\">\n\t\t\t\t\t\t<div class=\"elementor-element elementor-element-c03bc08 elementor-widget elementor-widget-text-editor\" data-id=\"c03bc08\" data-element_type=\"widget\" data-e-type=\"widget\" data-widget_type=\"text-editor.default\">\n\t\t\t\t<div class=\"elementor-widget-container\">\n\t\t\t\t\t\t\t\t\tDie Technologie-Garage von KAMAnjola ist die treibende Kraft hinter unseren Gesch\u00e4ftsabl\u00e4ufen und kombiniert modernste Tools und Fachwissen, um ma\u00dfgeschneiderte L\u00f6sungen f\u00fcr komplexe Infrastrukturherausforderungen zu entwickeln. Unsere Technology Garage umfasst drei spezialisierte Komponenten: das AI Product Design Office, die Smart Enterprise Engine und das Digital Twins Laboratory. Jeder dieser Bereiche spielt eine entscheidende Rolle bei der Konzeption, Entwicklung und Bereitstellung fortschrittlicher Technologien, die es Unternehmen erm\u00f6glichen, ihre Abl\u00e4ufe zu optimieren, die Leistung zu steigern und in einer sich schnell entwickelnden Landschaft die Nase vorn zu haben.\t\t\t\t\t\t\t\t<\/div>\n\t\t\t\t<\/div>\n\t\t\t\t\t<\/div>\n\t\t<\/div>\n\t\t\t\t\t<\/div>\n\t\t<\/section>\n\t\t\t\t<section class=\"elementor-section elementor-top-section elementor-element elementor-element-338a9f0 elementor-section-boxed elementor-section-height-default elementor-section-height-default\" data-id=\"338a9f0\" data-element_type=\"section\" data-e-type=\"section\" data-settings=\"{&quot;background_background&quot;:&quot;classic&quot;}\">\n\t\t\t\t\t\t<div class=\"elementor-container elementor-column-gap-default\">\n\t\t\t\t\t<div class=\"elementor-column elementor-col-100 elementor-top-column elementor-element elementor-element-428f341\" data-id=\"428f341\" data-element_type=\"column\" data-e-type=\"column\">\n\t\t\t<div class=\"elementor-widget-wrap elementor-element-populated\">\n\t\t\t\t\t\t<div class=\"elementor-element elementor-element-7874c41 elementor-widget__width-auto elementor-widget elementor-widget-heading\" data-id=\"7874c41\" data-element_type=\"widget\" data-e-type=\"widget\" data-widget_type=\"heading.default\">\n\t\t\t\t<div class=\"elementor-widget-container\">\n\t\t\t\t\t<h2 class=\"elementor-heading-title elementor-size-default\">Digitale Zwillinge Labor<\/h2>\t\t\t\t<\/div>\n\t\t\t\t<\/div>\n\t\t\t\t<div class=\"elementor-element elementor-element-971fff5 elementor-widget__width-auto elementor-widget-divider--view-line elementor-widget elementor-widget-divider\" data-id=\"971fff5\" data-element_type=\"widget\" data-e-type=\"widget\" data-widget_type=\"divider.default\">\n\t\t\t\t<div class=\"elementor-widget-container\">\n\t\t\t\t\t\t\t<div class=\"elementor-divider\">\n\t\t\t<span class=\"elementor-divider-separator\">\n\t\t\t\t\t\t<\/span>\n\t\t<\/div>\n\t\t\t\t\t\t<\/div>\n\t\t\t\t<\/div>\n\t\t\t\t<div class=\"elementor-element elementor-element-8be200c elementor-widget elementor-widget-text-editor\" data-id=\"8be200c\" data-element_type=\"widget\" data-e-type=\"widget\" data-widget_type=\"text-editor.default\">\n\t\t\t\t<div class=\"elementor-widget-container\">\n\t\t\t\t\t\t\t\t\tDas Digital Twins Laboratory von KAMAnjola erm\u00f6glicht Unternehmen die Visualisierung und Interaktion mit ihren Abl\u00e4ufen in Echtzeit und bietet tiefe Einblicke in Funktionalit\u00e4t, Effizienz und potenzielle Verbesserungen. Durch die Nutzung von Echtzeitdaten und fortschrittlicher Analytik helfen wir Unternehmen, Ausfallzeiten zu reduzieren, die Effizienz zu verbessern und datengest\u00fctzte Entscheidungen zu treffen. Ob es sich um Infrastruktur, industrielle Systeme oder komplexe Maschinen handelt, das Digital Twins Laboratory von KAMAnjola ver\u00e4ndert die Art und Weise, wie Unternehmen ihre kritischen Anlagen verwalten und verbessern.\t\t\t\t\t\t\t\t<\/div>\n\t\t\t\t<\/div>\n\t\t\t\t\t<\/div>\n\t\t<\/div>\n\t\t\t\t\t<\/div>\n\t\t<\/section>\n\t\t\t\t<section class=\"elementor-section elementor-top-section elementor-element elementor-element-da0efda elementor-section-boxed elementor-section-height-default elementor-section-height-default\" data-id=\"da0efda\" data-element_type=\"section\" data-e-type=\"section\" data-settings=\"{&quot;background_background&quot;:&quot;classic&quot;}\">\n\t\t\t\t\t\t<div class=\"elementor-container elementor-column-gap-default\">\n\t\t\t\t\t<div class=\"elementor-column elementor-col-100 elementor-top-column elementor-element elementor-element-861e57d\" data-id=\"861e57d\" data-element_type=\"column\" data-e-type=\"column\">\n\t\t\t<div class=\"elementor-widget-wrap elementor-element-populated\">\n\t\t\t\t\t\t<div class=\"elementor-element elementor-element-e70d7d7 elementor-widget__width-auto elementor-widget elementor-widget-heading\" data-id=\"e70d7d7\" data-element_type=\"widget\" data-e-type=\"widget\" data-widget_type=\"heading.default\">\n\t\t\t\t<div class=\"elementor-widget-container\">\n\t\t\t\t\t<h2 class=\"elementor-heading-title elementor-size-default\">KI-Ingenieurb\u00fcro<\/h2>\t\t\t\t<\/div>\n\t\t\t\t<\/div>\n\t\t\t\t<div class=\"elementor-element elementor-element-b047e9a elementor-widget__width-auto elementor-widget-divider--view-line elementor-widget elementor-widget-divider\" data-id=\"b047e9a\" data-element_type=\"widget\" data-e-type=\"widget\" data-widget_type=\"divider.default\">\n\t\t\t\t<div class=\"elementor-widget-container\">\n\t\t\t\t\t\t\t<div class=\"elementor-divider\">\n\t\t\t<span class=\"elementor-divider-separator\">\n\t\t\t\t\t\t<\/span>\n\t\t<\/div>\n\t\t\t\t\t\t<\/div>\n\t\t\t\t<\/div>\n\t\t\t\t<section class=\"elementor-section elementor-inner-section elementor-element elementor-element-96a1df8 elementor-section-boxed elementor-section-height-default elementor-section-height-default\" data-id=\"96a1df8\" data-element_type=\"section\" data-e-type=\"section\">\n\t\t\t\t\t\t<div class=\"elementor-container elementor-column-gap-default\">\n\t\t\t\t\t<div class=\"elementor-column elementor-col-50 elementor-inner-column elementor-element elementor-element-2ec5d01\" data-id=\"2ec5d01\" data-element_type=\"column\" data-e-type=\"column\">\n\t\t\t<div class=\"elementor-widget-wrap elementor-element-populated\">\n\t\t\t\t\t\t<div class=\"elementor-element elementor-element-f191d69 elementor-widget__width-initial elementor-widget elementor-widget-text-editor\" data-id=\"f191d69\" data-element_type=\"widget\" data-e-type=\"widget\" data-widget_type=\"text-editor.default\">\n\t\t\t\t<div class=\"elementor-widget-container\">\n\t\t\t\t\t\t\t\t\tUnser AI Product Design Office konzentriert sich auf die Entwicklung intelligenter Systeme, die die Entscheidungsfindung verbessern, Prozesse automatisieren und die Effizienz steigern. Durch die Kombination von fundierten Branchenkenntnissen mit fortschrittlichen KI-Technologien entwickeln wir ma\u00dfgeschneiderte L\u00f6sungen, die die Gesch\u00e4ftsabl\u00e4ufe optimieren und einen dauerhaften Wert f\u00fcr unsere Kunden schaffen. \t\t\t\t\t\t\t\t<\/div>\n\t\t\t\t<\/div>\n\t\t\t\t\t<\/div>\n\t\t<\/div>\n\t\t\t\t<div class=\"elementor-column elementor-col-50 elementor-inner-column elementor-element elementor-element-7efbc4d\" data-id=\"7efbc4d\" data-element_type=\"column\" data-e-type=\"column\" data-settings=\"{&quot;background_background&quot;:&quot;classic&quot;}\">\n\t\t\t<div class=\"elementor-widget-wrap elementor-element-populated\">\n\t\t\t\t\t\t<div class=\"elementor-element elementor-element-6eb2815 elementor-widget elementor-widget-text-editor\" data-id=\"6eb2815\" data-element_type=\"widget\" data-e-type=\"widget\" data-widget_type=\"text-editor.default\">\n\t\t\t\t<div class=\"elementor-widget-container\">\n\t\t\t\t\t\t\t\t\t<video autoplay=\"autoplay\" loop=\"loop\" muted=\"\" width=\"auto\">\n<source src=\"https:\/\/kamanjola.de\/wp-content\/uploads\/2024\/09\/Integrated-Logistics-Support.m4v\" type=\"video\/mp4\" \/>\n<\/video>\t\t\t\t\t\t\t\t<\/div>\n\t\t\t\t<\/div>\n\t\t\t\t\t<\/div>\n\t\t<\/div>\n\t\t\t\t\t<\/div>\n\t\t<\/section>\n\t\t\t\t\t<\/div>\n\t\t<\/div>\n\t\t\t\t\t<\/div>\n\t\t<\/section>\n\t\t\t\t<section class=\"elementor-section elementor-top-section elementor-element elementor-element-f38bc4e elementor-section-boxed elementor-section-height-default elementor-section-height-default\" data-id=\"f38bc4e\" data-element_type=\"section\" data-e-type=\"section\" data-settings=\"{&quot;background_background&quot;:&quot;classic&quot;}\">\n\t\t\t\t\t\t<div class=\"elementor-container elementor-column-gap-default\">\n\t\t\t\t\t<div class=\"elementor-column elementor-col-100 elementor-top-column elementor-element elementor-element-2d7fe9f\" data-id=\"2d7fe9f\" data-element_type=\"column\" data-e-type=\"column\">\n\t\t\t<div class=\"elementor-widget-wrap elementor-element-populated\">\n\t\t\t\t\t\t<div class=\"elementor-element elementor-element-f823e0a elementor-widget__width-auto elementor-widget elementor-widget-heading\" data-id=\"f823e0a\" data-element_type=\"widget\" data-e-type=\"widget\" data-widget_type=\"heading.default\">\n\t\t\t\t<div class=\"elementor-widget-container\">\n\t\t\t\t\t<h2 class=\"elementor-heading-title elementor-size-default\">Smart Enterprise Engine<\/h2>\t\t\t\t<\/div>\n\t\t\t\t<\/div>\n\t\t\t\t<div class=\"elementor-element elementor-element-04d8d1a elementor-widget__width-auto elementor-widget-divider--view-line elementor-widget elementor-widget-divider\" data-id=\"04d8d1a\" data-element_type=\"widget\" data-e-type=\"widget\" data-widget_type=\"divider.default\">\n\t\t\t\t<div class=\"elementor-widget-container\">\n\t\t\t\t\t\t\t<div class=\"elementor-divider\">\n\t\t\t<span class=\"elementor-divider-separator\">\n\t\t\t\t\t\t<\/span>\n\t\t<\/div>\n\t\t\t\t\t\t<\/div>\n\t\t\t\t<\/div>\n\t\t\t\t<section class=\"elementor-section elementor-inner-section elementor-element elementor-element-8484a8f elementor-section-boxed elementor-section-height-default elementor-section-height-default\" data-id=\"8484a8f\" data-element_type=\"section\" data-e-type=\"section\">\n\t\t\t\t\t\t<div class=\"elementor-container elementor-column-gap-default\">\n\t\t\t\t\t<div class=\"elementor-column elementor-col-50 elementor-inner-column elementor-element elementor-element-cebd2e9\" data-id=\"cebd2e9\" data-element_type=\"column\" data-e-type=\"column\">\n\t\t\t<div class=\"elementor-widget-wrap elementor-element-populated\">\n\t\t\t\t\t\t<div class=\"elementor-element elementor-element-68aae64 elementor-widget__width-initial elementor-widget elementor-widget-text-editor\" data-id=\"68aae64\" data-element_type=\"widget\" data-e-type=\"widget\" data-widget_type=\"text-editor.default\">\n\t\t\t\t<div class=\"elementor-widget-container\">\n\t\t\t\t\t\t\t\t\t<p><strong>Definition:<\/strong><br \/>Smart Enterprise Engines werden an den  Unternehmensprozessen ausgerichtet mit dem Ziel Organisation, Prozesse und Informationen mit Hilfe von KI-Agenten so zu integrieren, dass der Erfolg des Unternehmens vorhersagef\u00e4hig gemacht werden kann und um das Unternehmen der Zukunft digital zu gestalten.\nSie heben die fl\u00e4chendeckende digitale Erfassung, Aufbereitung und Nutzung von Daten hervor und treiben die Entwicklung von darauf aufbauenden digitalen Wertsch\u00f6pfungsmechanismen voran. Dabei wird die Interaktion zwischen Menschen und KI f\u00fcr die Zustands\u00fcberwachung der Prozesse eingesetzt. Im Fokus steht die Kooperation zwischen Menschen und K\u00fcnstlicher Intelligenz als entscheidender Faktor f\u00fcr die optimale\nLeistungswertmessung des Unternehmens in Echtzeit.<\/p>\t\t\t\t\t\t\t\t<\/div>\n\t\t\t\t<\/div>\n\t\t\t\t<div class=\"elementor-element elementor-element-b5e06d5 elementor-widget__width-initial elementor-widget elementor-widget-text-editor\" data-id=\"b5e06d5\" data-element_type=\"widget\" data-e-type=\"widget\" data-widget_type=\"text-editor.default\">\n\t\t\t\t<div class=\"elementor-widget-container\">\n\t\t\t\t\t\t\t\t\t<p><strong>Anwendungsbereiche:<\/strong><br \/>Bereits entwickelte und implementierte Produkte umfassen Anwendungsfelder wie Enterprise-Agenten f\u00fcr Sales and Operations (S&amp;OP), Middleware-Plattformen f\u00fcr die Entwicklung technischer logistischer Prozesse, Expert-Systeme f\u00fcr das Predictive und Prescriptive Maintenance zur Vorhersage von\nSystemzust\u00e4nden im Bereich der Erneuerbaren Energien, der Luft- und Raumfahrt sowie der\nmaritimen Technik. Mittels einer Smart Enterprise Engine werden autonome Systeme und Dienste als wichtiges Werkzeug f\u00fcr den betrieblichen Erfolg entwickelt und stetig weiter optimiert.<\/p>\t\t\t\t\t\t\t\t<\/div>\n\t\t\t\t<\/div>\n\t\t\t\t<div class=\"elementor-element elementor-element-7c86027 elementor-widget__width-initial elementor-widget elementor-widget-text-editor\" data-id=\"7c86027\" data-element_type=\"widget\" data-e-type=\"widget\" data-widget_type=\"text-editor.default\">\n\t\t\t\t<div class=\"elementor-widget-container\">\n\t\t\t\t\t\t\t\t\t<p><strong>Vision:<\/strong><br \/>Das Portfolio Smart Enterprise Engine hat zum Ziel, durch die Verbindung der Perspektiven des Operations Research und der K\u00fcnstlichen Intelligenz die Potenziale einer umfassenden Informationsbereitstellung auf ein Next Level zu heben. Wettbewerbsvorteile entstehen, insbesondere f\u00fcr Infrastrukturunternehmen, durch die Entscheidungsunterst\u00fctzung bei komplexen Fragen mittels Automaten in Echtzeit und den ganzheitlichen Einblick in das reibungslose\nineinandergreifende Zusammenspiel zwischen dem betriebswirtschaftlichen Fokus des Unternehmens und den technischen Prozessen der Infrastrukturen. Das Bestreben nach Innovation durch die Bereitstellung oder die Nutzung neuer Technologien sowie das eigene Unternehmen gegen disruptive digitale Gesch\u00e4ftsmodelle standhaft zu machen, sind nur weitere Gr\u00fcnde, um SEE in den Unternehmensalltag zu implementieren.<\/p>\t\t\t\t\t\t\t\t<\/div>\n\t\t\t\t<\/div>\n\t\t\t\t\t<\/div>\n\t\t<\/div>\n\t\t\t\t<div class=\"elementor-column elementor-col-50 elementor-inner-column elementor-element elementor-element-658d678\" data-id=\"658d678\" data-element_type=\"column\" data-e-type=\"column\" data-settings=\"{&quot;background_background&quot;:&quot;classic&quot;}\">\n\t\t\t<div class=\"elementor-widget-wrap\">\n\t\t\t\t\t\t\t<\/div>\n\t\t<\/div>\n\t\t\t\t\t<\/div>\n\t\t<\/section>\n\t\t\t\t\t<\/div>\n\t\t<\/div>\n\t\t\t\t\t<\/div>\n\t\t<\/section>\n\t\t\t\t<\/div>","protected":false},"excerpt":{"rendered":"<p>Technology Garage KAMAnjola&#8217;s Technology Garage is the driving force behind how we deliver our business operations; combining cutting-edge tools and expertise to develop customized solutions for complex infrastructure challenges. Our Technology Garage encompasses three specialized components: the AI Product Design Office, the Smart Enterprise Engine, and the Digital Twins Laboratory. Each of these areas plays [&hellip;]<\/p>\n","protected":false},"author":5,"featured_media":0,"parent":0,"menu_order":0,"comment_status":"closed","ping_status":"closed","template":"","meta":{"footnotes":""},"class_list":["post-1270","page","type-page","status-publish","hentry"],"_links":{"self":[{"href":"https:\/\/kamanjola.de\/de\/wp-json\/wp\/v2\/pages\/1270","targetHints":{"allow":["GET"]}}],"collection":[{"href":"https:\/\/kamanjola.de\/de\/wp-json\/wp\/v2\/pages"}],"about":[{"href":"https:\/\/kamanjola.de\/de\/wp-json\/wp\/v2\/types\/page"}],"author":[{"embeddable":true,"href":"https:\/\/kamanjola.de\/de\/wp-json\/wp\/v2\/users\/5"}],"replies":[{"embeddable":true,"href":"https:\/\/kamanjola.de\/de\/wp-json\/wp\/v2\/comments?post=1270"}],"version-history":[{"count":12,"href":"https:\/\/kamanjola.de\/de\/wp-json\/wp\/v2\/pages\/1270\/revisions"}],"predecessor-version":[{"id":2317,"href":"https:\/\/kamanjola.de\/de\/wp-json\/wp\/v2\/pages\/1270\/revisions\/2317"}],"wp:attachment":[{"href":"https:\/\/kamanjola.de\/de\/wp-json\/wp\/v2\/media?parent=1270"}],"curies":[{"name":"wp","href":"https:\/\/api.w.org\/{rel}","templated":true}]}}